{"id":6,"date":"2025-09-24T04:51:56","date_gmt":"2025-09-24T04:51:56","guid":{"rendered":"https:\/\/jbrasilcontabilidade.com.br\/wp67\/althea-wp\/"},"modified":"2025-09-24T11:53:58","modified_gmt":"2025-09-24T11:53:58","slug":"althea-wp","status":"publish","type":"page","link":"https:\/\/jbrasilcontabilidade.com.br\/wp67\/","title":{"rendered":"Front Page"},"content":{"rendered":"<div data-colibri-id=\"6-c1\" class=\"style-189 style-local-6-c1 position-relative\">\n  <!---->\n  <div data-colibri-component=\"section\" data-colibri-id=\"6-c2\" id=\"overlappable\" class=\"h-section h-section-global-spacing d-flex align-items-lg-center align-items-md-center align-items-center style-190 style-local-6-c2 position-relative\">\n    <!---->\n    <!---->\n    <div class=\"h-section-grid-container h-section-boxed-container\">\n      <!---->\n      <div data-colibri-id=\"6-c3\" class=\"h-row-container gutters-row-lg-2 gutters-row-md-2 gutters-row-2 gutters-row-v-lg-2 gutters-row-v-md-2 gutters-row-v-2 style-191 style-local-6-c3 position-relative\">\n        <!---->\n        <div class=\"h-row justify-content-lg-center justify-content-md-center justify-content-center align-items-lg-stretch align-items-md-stretch align-items-stretch gutters-col-lg-2 gutters-col-md-2 gutters-col-2 gutters-col-v-lg-2 gutters-col-v-md-2 gutters-col-v-2\">\n          <!---->\n          <div class=\"h-column h-column-container d-flex h-col-lg-4 h-col-md-4 h-col-12 style-192-outer style-local-6-c4-outer\">\n            <div data-colibri-id=\"6-c4\" class=\"d-flex h-flex-basis h-column__inner h-px-lg-3 h-px-md-3 h-px-3 v-inner-lg-3 v-inner-md-3 v-inner-3 style-192 style-local-6-c4 position-relative\">\n              <!---->\n              <!---->\n              <div class=\"w-100 h-y-container h-column__content h-column__v-align flex-basis-100 align-self-lg-start align-self-md-start align-self-start\">\n                <!---->\n                <div data-colibri-id=\"6-c5\" class=\"h-icon style-193 style-local-6-c5 position-relative h-element\">\n                  <!----><span class=\"h-svg-icon h-icon__icon style-193-icon style-local-6-c5-icon\"><!--Icon by Font Awesome (https:\/\/fontawesome.com)-->\n    <svg version=\"1.1\" xmlns=\"http:\/\/www.w3.org\/2000\/svg\" xmlns:xlink=\"http:\/\/www.w3.org\/1999\/xlink\" id=\"folder-open\" viewBox=\"0 0 1920 1896.0833\">\n      <path d=\"M1879 952q0 31-31 66l-336 396q-43 51-120.5 86.5T1248 1536H160q-34 0-60.5-13T73 1480q0-31 31-66l336-396q43-51 120.5-86.5T704 896h1088q34 0 60.5 13t26.5 43zm-343-344v160H704q-94 0-197 47.5T343 935L6 1331l-5 6q0-4-.5-12.5T0 1312V352q0-92 66-158t158-66h320q92 0 158 66t66 158v32h544q92 0 158 66t66 158z\"><\/path>\n    <\/svg><\/span><\/div>\n                <div data-colibri-id=\"6-c6\" class=\"h-global-transition-all h-heading style-194 style-local-6-c6 position-relative h-element\">\n                  <!---->\n                  <div class=\"h-heading__outer style-194 style-local-6-c6\">\n                    <!---->\n                    <!---->\n                    <h4 class=\"\">Imposto de Renda<\/h4>\n                  <\/div>\n                <\/div>\n                <div data-colibri-id=\"6-c7\" class=\"h-text h-text-component style-195 style-local-6-c7 position-relative h-element\">\n                  <!---->\n                  <!---->\n                  <div class=\"\">\n                    <p>Fazemos sua declara\u00e7\u00e3o<\/p>\n                    <ul>\n                      <li>Pessoa Fisica <\/li>\n                      <li>Pessoa Juridica.<\/li>\n                    <\/ul>\n                  <\/div>\n                <\/div>\n              <\/div>\n            <\/div>\n          <\/div>\n          <div class=\"h-column h-column-container d-flex h-col-lg-4 h-col-md-4 h-col-12 style-192-outer style-local-6-c8-outer\">\n            <div data-colibri-id=\"6-c8\" class=\"d-flex h-flex-basis h-column__inner h-px-lg-3 h-px-md-3 h-px-3 v-inner-lg-3 v-inner-md-3 v-inner-3 style-192 style-local-6-c8 position-relative\">\n              <!---->\n              <!---->\n              <div class=\"w-100 h-y-container h-column__content h-column__v-align flex-basis-100 align-self-lg-start align-self-md-start align-self-start\">\n                <!---->\n                <div data-colibri-id=\"6-c9\" class=\"h-icon style-196 style-local-6-c9 position-relative h-element\">\n                  <!----><span class=\"h-svg-icon h-icon__icon style-196-icon style-local-6-c9-icon\"><!--Icon by Font Awesome (https:\/\/fontawesome.com)-->\n    <svg version=\"1.1\" xmlns=\"http:\/\/www.w3.org\/2000\/svg\" xmlns:xlink=\"http:\/\/www.w3.org\/1999\/xlink\" id=\"refresh\" viewBox=\"0 0 1536 1896.0833\">\n      <path d=\"M1511 1056q0 5-1 7-64 268-268 434.5T764 1664q-146 0-282.5-55T238 1452l-129 129q-19 19-45 19t-45-19-19-45v-448q0-26 19-45t45-19h448q26 0 45 19t19 45-19 45l-137 137q71 66 161 102t187 36q134 0 250-65t186-179q11-17 53-117 8-23 30-23h192q13 0 22.5 9.5t9.5 22.5zm25-800v448q0 26-19 45t-45 19h-448q-26 0-45-19t-19-45 19-45l138-138Q969 384 768 384q-134 0-250 65T332 628q-11 17-53 117-8 23-30 23H50q-13 0-22.5-9.5T18 736v-7q65-268 270-434.5T768 128q146 0 284 55.5T1297 340l130-129q19-19 45-19t45 19 19 45z\"><\/path>\n    <\/svg><\/span><\/div>\n                <div data-colibri-id=\"6-c10\" class=\"h-global-transition-all h-heading style-194 style-local-6-c10 position-relative h-element\">\n                  <!---->\n                  <div class=\"h-heading__outer style-194 style-local-6-c10\">\n                    <!---->\n                    <!---->\n                    <h4 class=\"\">Abertura e encerramento\n                      <br>de empresas<\/h4>\n                  <\/div>\n                <\/div>\n                <div data-colibri-id=\"6-c11\" class=\"h-text h-text-component style-197 style-local-6-c11 position-relative h-element\">\n                  <!---->\n                  <!---->\n                  <div class=\"\">\n                    <p>Trabalhamos com a diversas modalidades <\/p>\n                    <p>Simples nacional, Me, EPP, LTDA e SA<\/p>\n                  <\/div>\n                <\/div>\n              <\/div>\n            <\/div>\n          <\/div>\n          <div class=\"h-column h-column-container d-flex h-col-lg-4 h-col-md-4 h-col-12 style-192-outer style-local-6-c12-outer\">\n            <div data-colibri-id=\"6-c12\" class=\"d-flex h-flex-basis h-column__inner h-px-lg-3 h-px-md-3 h-px-3 v-inner-lg-3 v-inner-md-3 v-inner-3 style-192 style-local-6-c12 position-relative\">\n              <!---->\n              <!---->\n              <div class=\"w-100 h-y-container h-column__content h-column__v-align flex-basis-100 align-self-lg-start align-self-md-start align-self-start\">\n                <!---->\n                <div data-colibri-id=\"6-c13\" class=\"h-icon style-198 style-local-6-c13 position-relative h-element\">\n                  <!----><span class=\"h-svg-icon h-icon__icon style-198-icon style-local-6-c13-icon\"><!--Icon by Font Awesome (https:\/\/fontawesome.com)-->\n    <svg version=\"1.1\" xmlns=\"http:\/\/www.w3.org\/2000\/svg\" xmlns:xlink=\"http:\/\/www.w3.org\/1999\/xlink\" id=\"gear\" viewBox=\"0 0 1536 1896.0833\">\n      <path d=\"M1024 896q0-106-75-181t-181-75-181 75-75 181 75 181 181 75 181-75 75-181zm512-109v222q0 12-8 23t-20 13l-185 28q-19 54-39 91 35 50 107 138 10 12 10 25t-9 23q-27 37-99 108t-94 71q-12 0-26-9l-138-108q-44 23-91 38-16 136-29 186-7 28-36 28H657q-14 0-24.5-8.5T621 1634l-28-184q-49-16-90-37l-141 107q-10 9-25 9-14 0-25-11-126-114-165-168-7-10-7-23 0-12 8-23 15-21 51-66.5t54-70.5q-27-50-41-99l-183-27q-13-2-21-12.5T0 1005V783q0-12 8-23t19-13l186-28q14-46 39-92-40-57-107-138-10-12-10-24 0-10 9-23 26-36 98.5-107.5T337 263q13 0 26 10l138 107q44-23 91-38 16-136 29-186 7-28 36-28h222q14 0 24.5 8.5T915 158l28 184q49 16 90 37l142-107q9-9 24-9 13 0 25 10 129 119 165 170 7 8 7 22 0 12-8 23-15 21-51 66.5t-54 70.5q26 50 41 98l183 28q13 2 21 12.5t8 23.5z\"><\/path>\n    <\/svg><\/span><\/div>\n                <div data-colibri-id=\"6-c14\" class=\"h-global-transition-all h-heading style-194 style-local-6-c14 position-relative h-element\">\n                  <!---->\n                  <div class=\"h-heading__outer style-194 style-local-6-c14\">\n                    <!---->\n                    <!---->\n                    <h4 class=\"\">Contabilidade em Geral<\/h4>\n                  <\/div>\n                <\/div>\n                <div data-colibri-id=\"6-c15\" class=\"h-text h-text-component style-197 style-local-6-c15 position-relative h-element\">\n                  <!---->\n                  <!---->\n                  <div class=\"\">\n                    <ul>\n                      <li>Consultoria tribut\u00e1ria<\/li>\n                      <li>Folha de pagamento<\/li>\n                      <li>Planejamento financeiro<\/li>\n                    <\/ul>\n                  <\/div>\n                <\/div>\n              <\/div>\n            <\/div>\n          <\/div>\n        <\/div>\n      <\/div>\n    <\/div>\n  <\/div>\n  <div data-colibri-component=\"section\" data-colibri-id=\"6-c67\" id=\"cta\" class=\"h-section h-section-global-spacing d-flex align-items-lg-center align-items-md-center align-items-center style-271 style-local-6-c67 position-relative\">\n    <div class=\"background-wrapper\">\n      <div class=\"background-layer background-layer-media-container-lg\">\n        <!---->\n        <div class=\"overlay-layer\">\n          <div class=\"overlay-image-layer\" style=\"background-color: rgb(0, 0, 0); opacity: 0.5;\"><\/div>\n        <\/div>\n      <\/div>\n      <div class=\"background-layer background-layer-media-container-md\">\n        <!---->\n        <div class=\"overlay-layer\">\n          <div class=\"overlay-image-layer\" style=\"background-color: rgb(0, 0, 0); opacity: 0.5;\"><\/div>\n        <\/div>\n      <\/div>\n      <div class=\"background-layer background-layer-media-container\">\n        <!---->\n        <div class=\"overlay-layer\">\n          <div class=\"overlay-image-layer\" style=\"background-color: rgb(0, 0, 0); opacity: 0.5;\"><\/div>\n        <\/div>\n      <\/div>\n    <\/div>\n    <!---->\n    <div class=\"h-section-grid-container h-section-boxed-container\">\n      <!---->\n      <div data-colibri-id=\"6-c68\" class=\"h-row-container gutters-row-lg-2 gutters-row-md-2 gutters-row-2 gutters-row-v-lg-2 gutters-row-v-md-2 gutters-row-v-2 style-272 style-local-6-c68 position-relative\">\n        <!---->\n        <div class=\"h-row justify-content-lg-center justify-content-md-center justify-content-center align-items-lg-stretch align-items-md-stretch align-items-stretch gutters-col-lg-2 gutters-col-md-2 gutters-col-2 gutters-col-v-lg-2 gutters-col-v-md-2 gutters-col-v-2\">\n          <!---->\n          <div class=\"h-column h-column-container d-flex h-col-lg-auto h-col-md-auto h-col-auto style-273-outer style-local-6-c69-outer\">\n            <div data-colibri-id=\"6-c69\" class=\"d-flex h-flex-basis h-column__inner h-px-lg-2 h-px-md-2 h-px-2 v-inner-lg-2 v-inner-md-2 v-inner-2 style-273 style-local-6-c69 position-relative\">\n              <!---->\n              <!---->\n              <div class=\"w-100 h-y-container h-column__content h-column__v-align flex-basis-100 align-self-lg-start align-self-md-start align-self-start\">\n                <!---->\n                <div data-colibri-id=\"6-c70\" class=\"h-global-transition-all h-heading style-274 style-local-6-c70 position-relative h-element\">\n                  <!---->\n                  <div class=\"h-heading__outer style-274 style-local-6-c70\">\n                    <!---->\n                    <!---->\n                    <h2 class=\"\"><strong style=\"color: rgb(31, 126, 231); font-weight: 800;\">Nossa empresa desde 1965<\/strong><\/h2>\n                  <\/div>\n                <\/div>\n              <\/div>\n            <\/div>\n          <\/div>\n        <\/div>\n      <\/div>\n    <\/div>\n  <\/div>\n  <div data-colibri-component=\"section\" data-colibri-id=\"6-c130\" id=\"about\" class=\"h-section h-section-global-spacing d-flex align-items-lg-center align-items-md-center align-items-center style-349 style-local-6-c130 position-relative\">\n    <!---->\n    <!---->\n    <div class=\"h-section-grid-container h-section-boxed-container\">\n      <!---->\n      <div data-colibri-id=\"6-c131\" class=\"h-row-container gutters-row-lg-2 gutters-row-md-2 gutters-row-2 gutters-row-v-lg-2 gutters-row-v-md-2 gutters-row-v-2 style-350 style-local-6-c131 position-relative\">\n        <!---->\n        <div class=\"h-row justify-content-lg-center justify-content-md-center justify-content-center align-items-lg-stretch align-items-md-stretch align-items-stretch gutters-col-lg-2 gutters-col-md-2 gutters-col-2 gutters-col-v-lg-2 gutters-col-v-md-2 gutters-col-v-2\">\n          <!---->\n          <div class=\"h-column h-column-container d-flex h-col-lg-auto h-col-md-auto h-col-auto style-351-outer style-local-6-c132-outer\">\n            <div data-colibri-id=\"6-c132\" class=\"d-flex h-flex-basis h-column__inner h-px-lg-2 h-px-md-2 h-px-2 v-inner-lg-2 v-inner-md-2 v-inner-2 style-351 style-local-6-c132 position-relative\">\n              <!---->\n              <!---->\n              <div class=\"w-100 h-y-container h-column__content h-column__v-align flex-basis-100 align-self-lg-center align-self-md-center align-self-center\">\n                <!---->\n                <div data-colibri-id=\"6-c133\" class=\"h-global-transition-all h-heading style-352 style-local-6-c133 position-relative h-element\">\n                  <!---->\n                  <div class=\"h-heading__outer style-352 style-local-6-c133\">\n                    <!---->\n                    <!---->\n                    <h5 class=\"\">N\u00e3o caia na malha fina !!!&nbsp;<\/h5>\n                  <\/div>\n                <\/div>\n                <div data-colibri-id=\"6-c134\" class=\"h-global-transition-all h-heading style-353 style-local-6-c134 position-relative h-element\">\n                  <!---->\n                  <div class=\"h-heading__outer style-353 style-local-6-c134\">\n                    <!---->\n                    <!---->\n                    <h2 class=\"\">Cuidamos da sua decla\u00e7\u00e3o de imposto de rende<\/h2>\n                  <\/div>\n                <\/div>\n              <\/div>\n            <\/div>\n          <\/div>\n          <div class=\"h-column h-column-container d-flex h-col-lg-auto h-col-md-auto h-col-auto style-357-outer style-local-6-c138-outer\">\n            <div data-colibri-id=\"6-c138\" class=\"d-flex h-flex-basis h-column__inner h-px-lg-2 h-px-md-2 h-px-2 v-inner-lg-2 v-inner-md-2 v-inner-2 style-357 style-local-6-c138 position-relative\">\n              <!---->\n              <!---->\n              <div class=\"w-100 h-y-container h-column__content h-column__v-align flex-basis-100 align-self-lg-center align-self-md-center align-self-center\">\n                <!---->\n                <div data-colibri-id=\"6-c139\" class=\"d-block style-358 style-local-6-c139 position-relative h-element\">\n                  <!---->\n                  <div class=\"h-image__frame-container-outer\">\n                    <div class=\"h-image__frame-container\">\n                      <!---->\n                      <!---->\n                      <img loading=\"lazy\" decoding=\"async\" width=\"621\" height=\"389\" src=\"https:\/\/jbrasilcontabilidade.com.br\/wp67\/wp-content\/uploads\/2025\/09\/cropped-receita-federal-leao.jpg\" class=\"wp-image-119 style-358-image style-local-6-c139-image\" alt=\"\" srcset=\"https:\/\/jbrasilcontabilidade.com.br\/wp67\/wp-content\/uploads\/2025\/09\/cropped-receita-federal-leao.jpg 621w, https:\/\/jbrasilcontabilidade.com.br\/wp67\/wp-content\/uploads\/2025\/09\/cropped-receita-federal-leao-300x188.jpg 300w\" sizes=\"auto, (max-width: 621px) 100vw, 621px\" \/>\n                      <div class=\"h-image__frame h-hide-sm style-358-frameImage style-local-6-c139-frameImage\"><\/div>\n                    <\/div>\n                  <\/div>\n                <\/div>\n              <\/div>\n            <\/div>\n          <\/div>\n        <\/div>\n      <\/div>\n    <\/div>\n  <\/div>\n  <div data-colibri-component=\"section\" data-colibri-id=\"6-c168\" id=\"blank\" class=\"h-section h-section-global-spacing d-flex align-items-lg-center align-items-md-center align-items-center style-373 style-local-6-c168 position-relative\">\n    <!---->\n    <!---->\n    <div class=\"h-section-grid-container h-section-boxed-container\">\n      <!---->\n      <div data-colibri-id=\"6-c169\" class=\"h-row-container gutters-row-lg-2 gutters-row-md-2 gutters-row-0 gutters-row-v-lg-2 gutters-row-v-md-2 gutters-row-v-2 style-374 style-local-6-c169 position-relative\">\n        <!---->\n        <div class=\"h-row justify-content-lg-center justify-content-md-center justify-content-center align-items-lg-stretch align-items-md-stretch align-items-stretch gutters-col-lg-2 gutters-col-md-2 gutters-col-0 gutters-col-v-lg-2 gutters-col-v-md-2 gutters-col-v-2\">\n          <!---->\n          <div class=\"h-column h-column-container d-flex h-col-lg-auto h-col-md-auto h-col-auto style-376-outer style-local-6-c171-outer\">\n            <div data-colibri-id=\"6-c171\" class=\"d-flex h-flex-basis h-column__inner h-px-lg-2 h-px-md-2 h-px-2 v-inner-lg-2 v-inner-md-2 v-inner-2 style-376 style-local-6-c171 position-relative\">\n              <!---->\n              <!---->\n              <div class=\"w-100 h-y-container h-column__content h-column__v-align flex-basis-100 align-self-lg-start align-self-md-start align-self-start\">\n                <!---->\n                <div data-colibri-id=\"6-c176\" class=\"h-text h-text-component style-381 style-local-6-c176 position-relative h-element\">\n                  <!---->\n                  <!---->\n                  <div class=\"\">\n                    <p>Nossa endere\u00e7o:<\/p>\n                    <p>Rua Itamonte, 1183 &#8211; Jardim Brasil &#8211; Sao Paulo &#8211; SP\n                      <br>Telefone\/Whatsapp: 11-2986-7941<\/p>\n                  <\/div>\n                <\/div>\n              <\/div>\n            <\/div>\n          <\/div>\n        <\/div>\n      <\/div>\n    <\/div>\n  <\/div>\n<\/div>","protected":false},"excerpt":{"rendered":"<p>Imposto de Renda Fazemos sua declara\u00e7\u00e3o Pessoa Fisica Pessoa Juridica. Abertura e encerramento de empresas Trabalhamos com a diversas modalidades Simples nacional, Me, EPP, LTDA e SA Contabilidade em Geral Consultoria tribut\u00e1ria Folha de pagamento Planejamento financeiro Nossa empresa desde 1965 N\u00e3o caia na malha fina !!!&nbsp; Cuidamos da sua decla\u00e7\u00e3o de imposto de rende [&hellip;]<\/p>\n","protected":false},"author":1,"featured_media":0,"parent":0,"menu_order":0,"comment_status":"closed","ping_status":"closed","template":"page-templates\/homepage.php","meta":{"pagelayer_contact_templates":[],"_pagelayer_content":"","footnotes":""},"class_list":["post-6","page","type-page","status-publish","hentry"],"_links":{"self":[{"href":"https:\/\/jbrasilcontabilidade.com.br\/wp67\/wp-json\/wp\/v2\/pages\/6","targetHints":{"allow":["GET"]}}],"collection":[{"href":"https:\/\/jbrasilcontabilidade.com.br\/wp67\/wp-json\/wp\/v2\/pages"}],"about":[{"href":"https:\/\/jbrasilcontabilidade.com.br\/wp67\/wp-json\/wp\/v2\/types\/page"}],"author":[{"embeddable":true,"href":"https:\/\/jbrasilcontabilidade.com.br\/wp67\/wp-json\/wp\/v2\/users\/1"}],"replies":[{"embeddable":true,"href":"https:\/\/jbrasilcontabilidade.com.br\/wp67\/wp-json\/wp\/v2\/comments?post=6"}],"version-history":[{"count":11,"href":"https:\/\/jbrasilcontabilidade.com.br\/wp67\/wp-json\/wp\/v2\/pages\/6\/revisions"}],"predecessor-version":[{"id":128,"href":"https:\/\/jbrasilcontabilidade.com.br\/wp67\/wp-json\/wp\/v2\/pages\/6\/revisions\/128"}],"wp:attachment":[{"href":"https:\/\/jbrasilcontabilidade.com.br\/wp67\/wp-json\/wp\/v2\/media?parent=6"}],"curies":[{"name":"wp","href":"https:\/\/api.w.org\/{rel}","templated":true}]}}